{"id":56,"date":"2023-08-31T23:06:11","date_gmt":"2023-08-31T20:06:11","guid":{"rendered":"https:\/\/www.menaryapi.com\/en\/?page_id=56"},"modified":"2023-09-04T21:21:35","modified_gmt":"2023-09-04T18:21:35","slug":"menar-65","status":"publish","type":"page","link":"https:\/\/www.menaryapi.com\/en\/menar-65\/","title":{"rendered":"MENAR 65"},"content":{"rendered":"\t\t<div data-elementor-type=\"wp-page\" data-elementor-id=\"56\" class=\"elementor elementor-56\">\n\t\t\t\t\t\t<section class=\"elementor-section elementor-top-section elementor-element elementor-element-e2d52dd elementor-section-boxed elementor-section-height-default elementor-section-height-default wd-section-disabled\" data-id=\"e2d52dd\" data-element_type=\"section\">\n\t\t\t\t\t\t<div class=\"elementor-container elementor-column-gap-default\">\n\t\t\t\t\t<div class=\"elementor-column elementor-col-100 elementor-top-column elementor-element elementor-element-7a792e8\" data-id=\"7a792e8\" data-element_type=\"column\">\n\t\t\t<div class=\"elementor-widget-wrap elementor-element-populated\">\n\t\t\t\t\t\t<section class=\"elementor-section elementor-inner-section elementor-element elementor-element-5a6f878 elementor-section-boxed elementor-section-height-default elementor-section-height-default wd-section-disabled\" data-id=\"5a6f878\" data-element_type=\"section\">\n\t\t\t\t\t\t<div class=\"elementor-container elementor-column-gap-default\">\n\t\t\t\t\t<div class=\"elementor-column elementor-col-100 elementor-inner-column elementor-element elementor-element-c230a9c\" data-id=\"c230a9c\" data-element_type=\"column\">\n\t\t\t<div class=\"elementor-widget-wrap elementor-element-populated\">\n\t\t\t\t\t\t<div class=\"elementor-element elementor-element-d688789 elementor-widget elementor-widget-wd_title\" data-id=\"d688789\" data-element_type=\"widget\" data-widget_type=\"wd_title.default\">\n\t\t\t\t<div class=\"elementor-widget-container\">\n\t\t\t\t\t\t\t\t<link rel=\"stylesheet\" id=\"wd-section-title-css\" href=\"https:\/\/www.menaryapi.com\/en\/wp-content\/themes\/woodmart\/css\/parts\/el-section-title.min.css?ver=7.2.4\" type=\"text\/css\" media=\"all\" \/> \t\t\t\t\t<div class=\"title-wrapper set-mb-s reset-last-child wd-title-color-default wd-title-style-default wd-title-size-default text-left\">\n\n\t\t\t\n\t\t\t<div class=\"liner-continer\">\n\t\t\t\t<h4 class=\"woodmart-title-container title wd-fontsize-l\">MENAR 65<\/h4> \n\t\t\t\t\t\t\t<\/div>\n\n\t\t\t\t\t<\/div>\n\t\t\t\t\t\t<\/div>\n\t\t\t\t<\/div>\n\t\t\t\t\t<\/div>\n\t\t<\/div>\n\t\t\t\t\t<\/div>\n\t\t<\/section>\n\t\t\t\t<section class=\"elementor-section elementor-inner-section elementor-element elementor-element-0d4f923 elementor-section-boxed elementor-section-height-default elementor-section-height-default wd-section-disabled\" data-id=\"0d4f923\" data-element_type=\"section\">\n\t\t\t\t\t\t<div class=\"elementor-container elementor-column-gap-default\">\n\t\t\t\t\t<div class=\"elementor-column elementor-col-50 elementor-inner-column elementor-element elementor-element-65c0757\" data-id=\"65c0757\" data-element_type=\"column\" data-settings=\"{&quot;background_background&quot;:&quot;classic&quot;}\">\n\t\t\t<div class=\"elementor-widget-wrap elementor-element-populated\">\n\t\t\t\t\t\t<div class=\"elementor-element elementor-element-006122d elementor-widget elementor-widget-image\" data-id=\"006122d\" data-element_type=\"widget\" data-widget_type=\"image.default\">\n\t\t\t\t<div class=\"elementor-widget-container\">\n\t\t\t\t\t\t\t\t\t\t\t\t\t\t\t<img fetchpriority=\"high\" decoding=\"async\" width=\"1749\" height=\"1275\" src=\"https:\/\/www.menaryapi.com\/en\/wp-content\/uploads\/sites\/2\/2023\/08\/menar-palas-2016-11-1.jpg\" class=\"attachment-full size-full wp-image-23\" alt=\"\" srcset=\"https:\/\/www.menaryapi.com\/en\/wp-content\/uploads\/sites\/2\/2023\/08\/menar-palas-2016-11-1.jpg 1749w, https:\/\/www.menaryapi.com\/en\/wp-content\/uploads\/sites\/2\/2023\/08\/menar-palas-2016-11-1-300x219.jpg 300w, https:\/\/www.menaryapi.com\/en\/wp-content\/uploads\/sites\/2\/2023\/08\/menar-palas-2016-11-1-1024x746.jpg 1024w, https:\/\/www.menaryapi.com\/en\/wp-content\/uploads\/sites\/2\/2023\/08\/menar-palas-2016-11-1-768x560.jpg 768w, https:\/\/www.menaryapi.com\/en\/wp-content\/uploads\/sites\/2\/2023\/08\/menar-palas-2016-11-1-1536x1120.jpg 1536w\" sizes=\"(max-width: 1749px) 100vw, 1749px\" \/>\t\t\t\t\t\t\t\t\t\t\t\t\t\t\t<\/div>\n\t\t\t\t<\/div>\n\t\t\t\t\t<\/div>\n\t\t<\/div>\n\t\t\t\t<div class=\"elementor-column elementor-col-50 elementor-inner-column elementor-element elementor-element-a023dd8\" data-id=\"a023dd8\" data-element_type=\"column\">\n\t\t\t<div class=\"elementor-widget-wrap elementor-element-populated\">\n\t\t\t\t\t\t<div class=\"elementor-element elementor-element-3aa4c93 elementor-widget elementor-widget-wd_text_block\" data-id=\"3aa4c93\" data-element_type=\"widget\" data-widget_type=\"wd_text_block.default\">\n\t\t\t\t<div class=\"elementor-widget-container\">\n\t\t\t\t\t\t\t\t<link rel=\"stylesheet\" id=\"wd-text-block-css\" href=\"https:\/\/www.menaryapi.com\/en\/wp-content\/themes\/woodmart\/css\/parts\/el-text-block.min.css?ver=7.2.4\" type=\"text\/css\" media=\"all\" \/> \t\t\t\t\t<div class=\"wd-text-block reset-last-child text-left\">\n\t\t\t\n\t\t\t<p>Elbiz Business Center, built by Menar Yap\u0131, was awarded the I\u015f\u0131klar Brick Award (2021), which was organized to create an archive of projects that reveal creative and well-detailed applications of brick.<\/p><p><a href=\"https:\/\/www.arkitera.com\/proje\/menar-65\/\">https:\/\/www.arkitera.com\/proje\/menar65\/<\/a><\/p><p>There are 29 architectural, 6 interior and 4 urban design \/ landscape projects in Turkey Architecture Yearbook 2015. On March 3, 2016, 39 of the 122 projects evaluated by the selection committee consisting of Burak Alt\u0131n\u0131\u015f\u0131k, Arzu Erdem, Kurtul Erkmen, Nevzat O\u011fuz \u00d6zer and Haluk Zelef were found eligible to enter the yearbook. If we make an evaluation by including the ARKIV Selections made between 2007-2013 and the Turkish Architecture Yearbook 2014, the majority of the projects (22 of them) included in the yearbook, as in the previous years and in contemporary architectural production, are located in Istanbul. In the distribution according to other provinces, Ankara, Izmir follows Istanbul with 3 projects and Kocaeli with 2 projects. For the first time this year, a project from Tunceli entered the yearbook. If we evaluate the distribution of project types, we see that most of the projects selected in the yearbook are commercial buildings, followed by\u00a0 housing as every\u00a0 year. We can mention that the Industry\/Technology group, consisting of a total of 6 R&amp;D and Factory structures, has left the Housing, Accommodation and Education structures behind, unlike the previous years.<\/p><p><a href=\"https:\/\/www.arkitera.com\/haber\/turkiye-mimarlik-yilligi-2015-icin-secilen-projeler-belli-oldu\">https:\/\/www.arkitera.com\/haber\/turkiye-mimarlik-yillii-2015-icin-secilen-projeler-belli-oldu<\/a><\/p>\n\t\t\t\t\t<\/div>\n\t\t\t\t\t\t<\/div>\n\t\t\t\t<\/div>\n\t\t\t\t\t<\/div>\n\t\t<\/div>\n\t\t\t\t\t<\/div>\n\t\t<\/section>\n\t\t\t\t<section class=\"elementor-section elementor-inner-section elementor-element elementor-element-c1a822b elementor-section-boxed elementor-section-height-default elementor-section-height-default wd-section-disabled\" data-id=\"c1a822b\" data-element_type=\"section\">\n\t\t\t\t\t\t<div class=\"elementor-container elementor-column-gap-default\">\n\t\t\t\t\t<div class=\"elementor-column elementor-col-100 elementor-inner-column elementor-element elementor-element-ed39022\" data-id=\"ed39022\" data-element_type=\"column\">\n\t\t\t<div class=\"elementor-widget-wrap elementor-element-populated\">\n\t\t\t\t\t\t<div class=\"elementor-element elementor-element-e89fc38 elementor-widget elementor-widget-wd_images_gallery\" data-id=\"e89fc38\" data-element_type=\"widget\" data-widget_type=\"wd_images_gallery.default\">\n\t\t\t\t<div class=\"elementor-widget-container\">\n\t\t\t\t\t\t\t\t<link rel=\"stylesheet\" id=\"wd-photoswipe-css\" href=\"https:\/\/www.menaryapi.com\/en\/wp-content\/themes\/woodmart\/css\/parts\/lib-photoswipe.min.css?ver=7.2.4\" type=\"text\/css\" media=\"all\" \/> \t\t\t\t\t\t<link rel=\"stylesheet\" id=\"wd-owl-carousel-css\" href=\"https:\/\/www.menaryapi.com\/en\/wp-content\/themes\/woodmart\/css\/parts\/lib-owl-carousel.min.css?ver=7.2.4\" type=\"text\/css\" media=\"all\" \/> \t\t\t\t\t\t<link rel=\"stylesheet\" id=\"wd-image-gallery-css\" href=\"https:\/\/www.menaryapi.com\/en\/wp-content\/themes\/woodmart\/css\/parts\/el-gallery.min.css?ver=7.2.4\" type=\"text\/css\" media=\"all\" \/> \t\t\t\t\t<div class=\"wd-images-gallery wd-justify-center wd-items-middle view-carousel photoswipe-images wd-carousel-spacing-20 wd-carousel-container\" data-owl-carousel data-speed=\"\" data-slides_per_view_tablet='{\"size\":\"\"}' data-slides_per_view_mobile='{\"size\":\"\"}' data-wrap=\"no\" data-hide_pagination_control=\"no\" data-hide_prev_next_buttons=\"no\" data-desktop=\"1\" data-tablet=\"1\" data-tablet_landscape=\"1\" data-mobile=\"1\">\n\t\t\t<div class=\"gallery-images owl-carousel wd-owl owl-items-lg-1 owl-items-md-1 owl-items-sm-1 owl-items-xs-1\">\n\t\t\t\t\t\t\t\t\t\t\t\t\t\t<div class=\"wd-gallery-item\">\n\t\t\t\t\t\t\t\t\t\t\t\t\t<a  href=\"https:\/\/www.menaryapi.com\/en\/wp-content\/uploads\/sites\/2\/2023\/08\/menar-palas-2016-12.jpg\"data-width=\"1876\" data-height=\"2389\" data-index=\"1\" data-elementor-open-lightbox=\"no\">\n\t\t\t\t\t\t\n\t\t\t\t\t\t<img decoding=\"async\" src=\"https:\/\/www.menaryapi.com\/en\/wp-content\/uploads\/sites\/2\/elementor\/thumbs\/menar-palas-2016-12-qbqmduplu89gbx23e916vfcumqjxs4jmrg1ihyejgg.jpg\"alt=\"menar-palas-2016-12.jpg\">\n\t\t\t\t\t\t\t\t\t\t\t\t\t<\/a>\n\t\t\t\t\t\t\t\t\t\t\t<\/div>\n\t\t\t\t\t\t\t\t\t\t\t\t\t\t\t<div class=\"wd-gallery-item\">\n\t\t\t\t\t\t\t\t\t\t\t\t\t<a  href=\"https:\/\/www.menaryapi.com\/en\/wp-content\/uploads\/sites\/2\/2023\/08\/menar-palas-2016-16.jpg\"data-width=\"2000\" data-height=\"1319\" data-index=\"2\" data-elementor-open-lightbox=\"no\">\n\t\t\t\t\t\t\n\t\t\t\t\t\t<img decoding=\"async\" src=\"https:\/\/www.menaryapi.com\/en\/wp-content\/uploads\/sites\/2\/elementor\/thumbs\/menar-palas-2016-16-qbqmdstxgk6vop4tp87xqftxfyt7cqc636qjjehbsw.jpg\"alt=\"menar-palas-2016-16.jpg\">\n\t\t\t\t\t\t\t\t\t\t\t\t\t<\/a>\n\t\t\t\t\t\t\t\t\t\t\t<\/div>\n\t\t\t\t\t\t\t\t\t\t\t\t\t\t\t<div class=\"wd-gallery-item\">\n\t\t\t\t\t\t\t\t\t\t\t\t\t<a  href=\"https:\/\/www.menaryapi.com\/en\/wp-content\/uploads\/sites\/2\/2023\/08\/menar-palas-2016-17.jpg\"data-width=\"2000\" data-height=\"1333\" data-index=\"3\" data-elementor-open-lightbox=\"no\">\n\t\t\t\t\t\t\n\t\t\t\t\t\t<img decoding=\"async\" src=\"https:\/\/www.menaryapi.com\/en\/wp-content\/uploads\/sites\/2\/elementor\/thumbs\/menar-palas-2016-17-qbqme1ah62igl6sjbtvkuvp2sfnia09r4clwuw4s8w.jpg\"alt=\"menar-palas-2016-17.jpg\">\n\t\t\t\t\t\t\t\t\t\t\t\t\t<\/a>\n\t\t\t\t\t\t\t\t\t\t\t<\/div>\n\t\t\t\t\t\t\t\t\t\t\t\t\t\t\t<div class=\"wd-gallery-item\">\n\t\t\t\t\t\t\t\t\t\t\t\t\t<a  href=\"https:\/\/www.menaryapi.com\/en\/wp-content\/uploads\/sites\/2\/2023\/08\/menar-palas-2016-14-scaled-1.jpeg\"data-width=\"1707\" data-height=\"2560\" data-index=\"4\" data-elementor-open-lightbox=\"no\">\n\t\t\t\t\t\t\n\t\t\t\t\t\t<img decoding=\"async\" src=\"https:\/\/www.menaryapi.com\/en\/wp-content\/uploads\/sites\/2\/elementor\/thumbs\/menar-palas-2016-14-scaled-1-qbqme7vchwrgugiz9epyuc1ay4r2rvzvh96b7tv11c.jpeg\"alt=\"menar-palas-2016-14-scaled-1.jpeg\">\n\t\t\t\t\t\t\t\t\t\t\t\t\t<\/a>\n\t\t\t\t\t\t\t\t\t\t\t<\/div>\n\t\t\t\t\t\t\t\t\t\t\t\t\t\t\t<div class=\"wd-gallery-item\">\n\t\t\t\t\t\t\t\t\t\t\t\t\t<a  href=\"https:\/\/www.menaryapi.com\/en\/wp-content\/uploads\/sites\/2\/2023\/08\/menar-palas-2016-18-scaled-1.jpg\"data-width=\"2560\" data-height=\"1707\" data-index=\"5\" data-elementor-open-lightbox=\"no\">\n\t\t\t\t\t\t\n\t\t\t\t\t\t<img decoding=\"async\" src=\"https:\/\/www.menaryapi.com\/en\/wp-content\/uploads\/sites\/2\/elementor\/thumbs\/menar-palas-2016-18-scaled-1-qbqmeckjg2xwgic5hyr3osulx23wudij5wfqm7o268.jpg\"alt=\"menar-palas-2016-18-scaled-1.jpg\">\n\t\t\t\t\t\t\t\t\t\t\t\t\t<\/a>\n\t\t\t\t\t\t\t\t\t\t\t<\/div>\n\t\t\t\t\t\t\t\t\t\t\t\t\t\t\t<div class=\"wd-gallery-item\">\n\t\t\t\t\t\t\t\t\t\t\t\t\t<a  href=\"https:\/\/www.menaryapi.com\/en\/wp-content\/uploads\/sites\/2\/2023\/08\/menar-palas-2016-19-scaled-1.jpg\"data-width=\"2560\" data-height=\"1706\" data-index=\"6\" data-elementor-open-lightbox=\"no\">\n\t\t\t\t\t\t\n\t\t\t\t\t\t<img decoding=\"async\" src=\"https:\/\/www.menaryapi.com\/en\/wp-content\/uploads\/sites\/2\/elementor\/thumbs\/menar-palas-2016-19-scaled-1-qbqmej5erx6wps2lfjlho96u2r7hc98nit04z5eayo.jpg\"alt=\"menar-palas-2016-19-scaled-1.jpg\">\n\t\t\t\t\t\t\t\t\t\t\t\t\t<\/a>\n\t\t\t\t\t\t\t\t\t\t\t<\/div>\n\t\t\t\t\t\t\t\t\t\t\t\t\t\t\t<div class=\"wd-gallery-item\">\n\t\t\t\t\t\t\t\t\t\t\t\t\t<a  href=\"https:\/\/www.menaryapi.com\/en\/wp-content\/uploads\/sites\/2\/2023\/08\/menar-palas-2016-20-scaled-1.jpg\"data-width=\"1706\" data-height=\"2560\" data-index=\"7\" data-elementor-open-lightbox=\"no\">\n\t\t\t\t\t\t\n\t\t\t\t\t\t<img decoding=\"async\" src=\"https:\/\/www.menaryapi.com\/en\/wp-content\/uploads\/sites\/2\/elementor\/thumbs\/menar-palas-2016-20-scaled-1-qbqmenulq3dcbtvro3mmiq051okbeqrb7g9kdj7c3k.jpg\"alt=\"menar-palas-2016-20-scaled-1.jpg\">\n\t\t\t\t\t\t\t\t\t\t\t\t\t<\/a>\n\t\t\t\t\t\t\t\t\t\t\t<\/div>\n\t\t\t\t\t\t\t\t\t\t\t\t\t\t\t<div class=\"wd-gallery-item\">\n\t\t\t\t\t\t\t\t\t\t\t\t\t<a  href=\"https:\/\/www.menaryapi.com\/en\/wp-content\/uploads\/sites\/2\/2023\/08\/menar-palas-2016-21-scaled-1.jpg\"data-width=\"1707\" data-height=\"2560\" data-index=\"8\" data-elementor-open-lightbox=\"no\">\n\t\t\t\t\t\t\n\t\t\t\t\t\t<img decoding=\"async\" src=\"https:\/\/www.menaryapi.com\/en\/wp-content\/uploads\/sites\/2\/elementor\/thumbs\/menar-palas-2016-21-scaled-1-qbqmevdb8rnmwpkug6vn2o3tsrj94bl5whhg7qw6ps.jpg\"alt=\"menar-palas-2016-21-scaled-1.jpg\">\n\t\t\t\t\t\t\t\t\t\t\t\t\t<\/a>\n\t\t\t\t\t\t\t\t\t\t\t<\/div>\n\t\t\t\t\t\t\t\t\t\t\t\t\t\t\t<div class=\"wd-gallery-item\">\n\t\t\t\t\t\t\t\t\t\t\t\t\t<a  href=\"https:\/\/www.menaryapi.com\/en\/wp-content\/uploads\/sites\/2\/2023\/08\/menar-palas-2016-22-scaled-1.jpg\"data-width=\"1707\" data-height=\"2560\" data-index=\"9\" data-elementor-open-lightbox=\"no\">\n\t\t\t\t\t\t\n\t\t\t\t\t\t<img decoding=\"async\" src=\"https:\/\/www.menaryapi.com\/en\/wp-content\/uploads\/sites\/2\/elementor\/thumbs\/menar-palas-2016-22-scaled-1-qbqmf10cdrvcudcnj9behmold2rgei7jx9ed3entog.jpg\"alt=\"menar-palas-2016-22-scaled-1.jpg\">\n\t\t\t\t\t\t\t\t\t\t\t\t\t<\/a>\n\t\t\t\t\t\t\t\t\t\t\t<\/div>\n\t\t\t\t\t\t\t\t\t\t\t\t\t\t\t<div class=\"wd-gallery-item\">\n\t\t\t\t\t\t\t\t\t\t\t\t\t<a  href=\"https:\/\/www.menaryapi.com\/en\/wp-content\/uploads\/sites\/2\/2023\/08\/menar-palas-2016-23-scaled-1.jpg\"data-width=\"1707\" data-height=\"2560\" data-index=\"10\" data-elementor-open-lightbox=\"no\">\n\t\t\t\t\t\t\n\t\t\t\t\t\t<img decoding=\"async\" src=\"https:\/\/www.menaryapi.com\/en\/wp-content\/uploads\/sites\/2\/elementor\/thumbs\/menar-palas-2016-23-scaled-1-qbqmf6ndis32s14gmbr5wl9cxdznootxy1b9z2fgn4.jpg\"alt=\"menar-palas-2016-23-scaled-1.jpg\">\n\t\t\t\t\t\t\t\t\t\t\t\t\t<\/a>\n\t\t\t\t\t\t\t\t\t\t\t<\/div>\n\t\t\t\t\t\t\t\t\t\t\t\t\t\t\t<div class=\"wd-gallery-item\">\n\t\t\t\t\t\t\t\t\t\t\t\t\t<a  href=\"https:\/\/www.menaryapi.com\/en\/wp-content\/uploads\/sites\/2\/2023\/08\/menar-palas-2016-24-scaled-1.jpg\"data-width=\"2560\" data-height=\"1706\" data-index=\"11\" data-elementor-open-lightbox=\"no\">\n\t\t\t\t\t\t\n\t\t\t\t\t\t<img decoding=\"async\" src=\"https:\/\/www.menaryapi.com\/en\/wp-content\/uploads\/sites\/2\/elementor\/thumbs\/menar-palas-2016-24-scaled-1-qbqmfcaensaspow9pe6xbju4hp7uyvgbyt86uq73ls.jpg\"alt=\"menar-palas-2016-24-scaled-1.jpg\">\n\t\t\t\t\t\t\t\t\t\t\t\t\t<\/a>\n\t\t\t\t\t\t\t\t\t\t\t<\/div>\n\t\t\t\t\t\t\t\t\t\t\t\t\t\t\t<div class=\"wd-gallery-item\">\n\t\t\t\t\t\t\t\t\t\t\t\t\t<a  href=\"https:\/\/www.menaryapi.com\/en\/wp-content\/uploads\/sites\/2\/2023\/08\/menar-palas-2016-25-scaled-1.jpg\"data-width=\"2560\" data-height=\"1809\" data-index=\"12\" data-elementor-open-lightbox=\"no\">\n\t\t\t\t\t\t\n\t\t\t\t\t\t<img decoding=\"async\" src=\"https:\/\/www.menaryapi.com\/en\/wp-content\/uploads\/sites\/2\/elementor\/thumbs\/menar-palas-2016-25-scaled-1-qbqmfhxfssiinco2sgmoqiew20g2922pzl53qdyqkg.jpg\"alt=\"menar-palas-2016-25-scaled-1.jpg\">\n\t\t\t\t\t\t\t\t\t\t\t\t\t<\/a>\n\t\t\t\t\t\t\t\t\t\t\t<\/div>\n\t\t\t\t\t\t\t\t\t\t\t\t\t\t\t<div class=\"wd-gallery-item\">\n\t\t\t\t\t\t\t\t\t\t\t\t\t<a  href=\"https:\/\/www.menaryapi.com\/en\/wp-content\/uploads\/sites\/2\/2023\/08\/menar-palas-2016-26-scaled-1.jpg\"data-width=\"1707\" data-height=\"2560\" data-index=\"13\" data-elementor-open-lightbox=\"no\">\n\t\t\t\t\t\t\n\t\t\t\t\t\t<img decoding=\"async\" src=\"https:\/\/www.menaryapi.com\/en\/wp-content\/uploads\/sites\/2\/elementor\/thumbs\/menar-palas-2016-26-scaled-1-qbqmfmmmqyoy9eh910ntkz870xswbjldo8ej4rrrpc.jpg\"alt=\"menar-palas-2016-26-scaled-1.jpg\">\n\t\t\t\t\t\t\t\t\t\t\t\t\t<\/a>\n\t\t\t\t\t\t\t\t\t\t\t<\/div>\n\t\t\t\t\t\t\t\t\t\t\t\t\t\t\t<div class=\"wd-gallery-item\">\n\t\t\t\t\t\t\t\t\t\t\t\t\t<a  href=\"https:\/\/www.menaryapi.com\/en\/wp-content\/uploads\/sites\/2\/2023\/08\/menar-palas-2016-27-scaled-1.jpg\"data-width=\"1706\" data-height=\"2560\" data-index=\"14\" data-elementor-open-lightbox=\"no\">\n\t\t\t\t\t\t\n\t\t\t\t\t\t<img decoding=\"async\" src=\"https:\/\/www.menaryapi.com\/en\/wp-content\/uploads\/sites\/2\/elementor\/thumbs\/menar-palas-2016-27-scaled-1-qbqmft7i2sxyio7oyli7kfkf6mwgtfbi14yxhpi0hs.jpg\"alt=\"menar-palas-2016-27-scaled-1.jpg\">\n\t\t\t\t\t\t\t\t\t\t\t\t\t<\/a>\n\t\t\t\t\t\t\t\t\t\t\t<\/div>\n\t\t\t\t\t\t\t\t\t\t\t\t\t\t\t<div class=\"wd-gallery-item\">\n\t\t\t\t\t\t\t\t\t\t\t\t\t<a  href=\"https:\/\/www.menaryapi.com\/en\/wp-content\/uploads\/sites\/2\/2023\/08\/menar-palas-2016-28.jpg\"data-width=\"1280\" data-height=\"1217\" data-index=\"15\" data-elementor-open-lightbox=\"no\">\n\t\t\t\t\t\t\n\t\t\t\t\t\t<img decoding=\"async\" src=\"https:\/\/www.menaryapi.com\/en\/wp-content\/uploads\/sites\/2\/elementor\/thumbs\/menar-palas-2016-28-qbqmg1o1sb9jf5vel75uovfkj3qrqp932auat75gxs.jpg\"alt=\"menar-palas-2016-28.jpg\">\n\t\t\t\t\t\t\t\t\t\t\t\t\t<\/a>\n\t\t\t\t\t\t\t\t\t\t\t<\/div>\n\t\t\t\t\t\t\t\t\t\t\t\t\t\t\t<div class=\"wd-gallery-item\">\n\t\t\t\t\t\t\t\t\t\t\t\t\t<a  href=\"https:\/\/www.menaryapi.com\/en\/wp-content\/uploads\/sites\/2\/2023\/08\/menar-palas-2016-29.jpeg\"data-width=\"1024\" data-height=\"724\" data-index=\"16\" data-elementor-open-lightbox=\"no\">\n\t\t\t\t\t\t\n\t\t\t\t\t\t<img decoding=\"async\" src=\"https:\/\/www.menaryapi.com\/en\/wp-content\/uploads\/sites\/2\/elementor\/thumbs\/menar-palas-2016-29-qbqmg2lvz5atqru1fpkh9d714hm4yectefhsah42rk.jpeg\"alt=\"menar-palas-2016-29.jpeg\">\n\t\t\t\t\t\t\t\t\t\t\t\t\t<\/a>\n\t\t\t\t\t\t\t\t\t\t\t<\/div>\n\t\t\t\t\t\t\t\t\t\t\t\t\t\t\t<div class=\"wd-gallery-item\">\n\t\t\t\t\t\t\t\t\t\t\t\t\t<a  href=\"https:\/\/www.menaryapi.com\/en\/wp-content\/uploads\/sites\/2\/2023\/08\/menar-palas-2016-30.jpeg\"data-width=\"1024\" data-height=\"724\" data-index=\"17\" data-elementor-open-lightbox=\"no\">\n\t\t\t\t\t\t\n\t\t\t\t\t\t<img decoding=\"async\" src=\"https:\/\/www.menaryapi.com\/en\/wp-content\/uploads\/sites\/2\/elementor\/thumbs\/menar-palas-2016-30-qbqmg3jq5zc42dsoa7z3tuyhpvhi63gjqk59rr2olc.jpeg\"alt=\"menar-palas-2016-30.jpeg\">\n\t\t\t\t\t\t\t\t\t\t\t\t\t<\/a>\n\t\t\t\t\t\t\t\t\t\t\t<\/div>\n\t\t\t\t\t\t\t\t\t\t\t\t\t\t\t<div class=\"wd-gallery-item\">\n\t\t\t\t\t\t\t\t\t\t\t\t\t<a  href=\"https:\/\/www.menaryapi.com\/en\/wp-content\/uploads\/sites\/2\/2023\/08\/menar-palas-2016-31.jpeg\"data-width=\"1024\" data-height=\"724\" data-index=\"18\" data-elementor-open-lightbox=\"no\">\n\t\t\t\t\t\t\n\t\t\t\t\t\t<img decoding=\"async\" src=\"https:\/\/www.menaryapi.com\/en\/wp-content\/uploads\/sites\/2\/elementor\/thumbs\/menar-palas-2016-31-qbqmg4hkctdedzrb4qdqecpyb9cvdska2osr911af4.jpeg\"alt=\"menar-palas-2016-31.jpeg\">\n\t\t\t\t\t\t\t\t\t\t\t\t\t<\/a>\n\t\t\t\t\t\t\t\t\t\t\t<\/div>\n\t\t\t\t\t\t\t\t\t\t\t\t\t\t\t<div class=\"wd-gallery-item\">\n\t\t\t\t\t\t\t\t\t\t\t\t\t<a  href=\"https:\/\/www.menaryapi.com\/en\/wp-content\/uploads\/sites\/2\/2023\/08\/menar-palas-2016-32.jpeg\"data-width=\"1024\" data-height=\"724\" data-index=\"19\" data-elementor-open-lightbox=\"no\">\n\t\t\t\t\t\t\n\t\t\t\t\t\t<img decoding=\"async\" src=\"https:\/\/www.menaryapi.com\/en\/wp-content\/uploads\/sites\/2\/elementor\/thumbs\/menar-palas-2016-32-qbqmg5fejneoplpxz8scyuhewn88lho0etg8qazw8w.jpeg\"alt=\"menar-palas-2016-32.jpeg\">\n\t\t\t\t\t\t\t\t\t\t\t\t\t<\/a>\n\t\t\t\t\t\t\t\t\t\t\t<\/div>\n\t\t\t\t\t\t\t\t\t\t\t\t\t\t\t<div class=\"wd-gallery-item\">\n\t\t\t\t\t\t\t\t\t\t\t\t\t<a  href=\"https:\/\/www.menaryapi.com\/en\/wp-content\/uploads\/sites\/2\/2023\/08\/menar-palas-2016-33.jpeg\"data-width=\"724\" data-height=\"1024\" data-index=\"20\" data-elementor-open-lightbox=\"no\">\n\t\t\t\t\t\t\n\t\t\t\t\t\t<img decoding=\"async\" src=\"https:\/\/www.menaryapi.com\/en\/wp-content\/uploads\/sites\/2\/elementor\/thumbs\/menar-palas-2016-33-qbqmg6d8qhfz17oktr6zjc8vi13lt6rqqy3q7kyi2o.jpeg\"alt=\"menar-palas-2016-33.jpeg\">\n\t\t\t\t\t\t\t\t\t\t\t\t\t<\/a>\n\t\t\t\t\t\t\t\t\t\t\t<\/div>\n\t\t\t\t\t\t\t\t\t\t\t\t\t\t\t<div class=\"wd-gallery-item\">\n\t\t\t\t\t\t\t\t\t\t\t\t\t<a  href=\"https:\/\/www.menaryapi.com\/en\/wp-content\/uploads\/sites\/2\/2023\/08\/menar-palas-2016-34.jpeg\"data-width=\"1024\" data-height=\"724\" data-index=\"21\" data-elementor-open-lightbox=\"no\">\n\t\t\t\t\t\t\n\t\t\t\t\t\t<img decoding=\"async\" src=\"https:\/\/www.menaryapi.com\/en\/wp-content\/uploads\/sites\/2\/elementor\/thumbs\/menar-palas-2016-34-qbqmg7b2xbh9ctn7o9lm3u0c3eyz0vvh32r7oux3wg.jpeg\"alt=\"menar-palas-2016-34.jpeg\">\n\t\t\t\t\t\t\t\t\t\t\t\t\t<\/a>\n\t\t\t\t\t\t\t\t\t\t\t<\/div>\n\t\t\t\t\t\t\t\t<\/div>\n\t\t<\/div>\n\t\t\t\t\t\t<\/div>\n\t\t\t\t<\/div>\n\t\t\t\t\t<\/div>\n\t\t<\/div>\n\t\t\t\t\t<\/div>\n\t\t<\/section>\n\t\t\t\t\t<\/div>\n\t\t<\/div>\n\t\t\t\t\t<\/div>\n\t\t<\/section>\n\t\t\t\t<\/div>\n\t\t","protected":false},"excerpt":{"rendered":"<p>MENAR 65 Elbiz Business Center, built by Menar Yap\u0131, was awarded the I\u015f\u0131klar Brick Award (2021), which was organized to<\/p>\n","protected":false},"author":1,"featured_media":0,"parent":0,"menu_order":0,"comment_status":"closed","ping_status":"closed","template":"elementor_header_footer","meta":{"footnotes":""},"class_list":["post-56","page","type-page","status-publish","hentry"],"_links":{"self":[{"href":"https:\/\/www.menaryapi.com\/en\/wp-json\/wp\/v2\/pages\/56","targetHints":{"allow":["GET"]}}],"collection":[{"href":"https:\/\/www.menaryapi.com\/en\/wp-json\/wp\/v2\/pages"}],"about":[{"href":"https:\/\/www.menaryapi.com\/en\/wp-json\/wp\/v2\/types\/page"}],"author":[{"embeddable":true,"href":"https:\/\/www.menaryapi.com\/en\/wp-json\/wp\/v2\/users\/1"}],"replies":[{"embeddable":true,"href":"https:\/\/www.menaryapi.com\/en\/wp-json\/wp\/v2\/comments?post=56"}],"version-history":[{"count":10,"href":"https:\/\/www.menaryapi.com\/en\/wp-json\/wp\/v2\/pages\/56\/revisions"}],"predecessor-version":[{"id":16171,"href":"https:\/\/www.menaryapi.com\/en\/wp-json\/wp\/v2\/pages\/56\/revisions\/16171"}],"wp:attachment":[{"href":"https:\/\/www.menaryapi.com\/en\/wp-json\/wp\/v2\/media?parent=56"}],"curies":[{"name":"wp","href":"https:\/\/api.w.org\/{rel}","templated":true}]}}